{"id":29,"date":"2025-02-25T22:49:19","date_gmt":"2025-02-25T21:49:19","guid":{"rendered":"http:\/\/lacartuja24.com\/politica-de-cookies-ue\/"},"modified":"2025-02-27T14:12:42","modified_gmt":"2025-02-27T13:12:42","slug":"politica-de-cookies","status":"publish","type":"page","link":"https:\/\/lacartuja24.com\/es\/politica-de-cookies\/","title":{"rendered":"Pol\u00edtica de cookies"},"content":{"rendered":"\n<p>\u00daltima actualizaci\u00f3n: 26 de febrero de 2025<br>En La Cartuja 24 utilizamos cookies y tecnolog\u00edas similares para mejorar tu experiencia en nuestra p\u00e1gina web. A continuaci\u00f3n, te explicamos qu\u00e9 son las cookies, qu\u00e9 tipos utilizamos y c\u00f3mo puedes gestionarlas.<\/p>\n\n\n\n<h2 class=\"wp-block-heading\">\u00bfQu\u00e9 son las cookies?<\/h2>\n\n\n\n<p><br>Las cookies son peque\u00f1os archivos de texto que se almacenan en tu dispositivo cuando visitas un sitio web. Sirven para mejorar la navegaci\u00f3n, recordar preferencias y, en algunos casos, recopilar informaci\u00f3n an\u00f3nima sobre el uso del sitio.<\/p>\n\n\n\n<h2 class=\"wp-block-heading\">\u00bfQu\u00e9 tipos de cookies utilizamos?<\/h2>\n\n\n\n<p><br>En La Cartuja 24 utilizamos las siguientes cookies:<br>Cookies esenciales: Necesarias para el funcionamiento del sitio web. Sin ellas, algunas funciones no estar\u00edan disponibles.<br>Cookies de an\u00e1lisis: Nos permiten recopilar informaci\u00f3n sobre c\u00f3mo los usuarios interact\u00faan con nuestra web para mejorar la experiencia.<br>Cookies de publicidad: Utilizadas por terceros para mostrar anuncios relevantes basados en tus intereses.<\/p>\n\n\n\n<h2 class=\"wp-block-heading\">\u00bfC\u00f3mo puedes gestionar o desactivar las cookies?<\/h2>\n\n\n\n<p><br>Puedes gestionar las cookies desde la configuraci\u00f3n de tu navegador. Aqu\u00ed tienes enlaces a las instrucciones de los navegadores m\u00e1s comunes:<br>Google Chrome<br>Mozilla Firefox<br>Microsoft Edge<br>Safari<\/p>\n\n\n\n<h2 class=\"wp-block-heading\">Cookies de terceros<\/h2>\n\n\n\n<p><br>Algunas cookies pueden ser gestionadas por terceros (por ejemplo, Google Analytics o redes sociales). Te recomendamos revisar sus propias pol\u00edticas para m\u00e1s informaci\u00f3n.<\/p>\n\n\n\n<h2 class=\"wp-block-heading\">Cambios en nuestra pol\u00edtica de cookies<\/h2>\n\n\n\n<p><br>Podemos actualizar esta pol\u00edtica en cualquier momento. Te recomendamos revisarla peri\u00f3dicamente.<br>Si tienes dudas, puedes contactar con nosotros en maquetacion@lacartuja24.com .<\/p>\n","protected":false},"excerpt":{"rendered":"<p>\u00daltima actualizaci\u00f3n: 26 de febrero de 2025En La Cartuja 24 utilizamos cookies y tecnolog\u00edas similares para mejorar tu experiencia en nuestra p\u00e1gina web. A continuaci\u00f3n, te explicamos qu\u00e9 son las cookies, qu\u00e9 tipos utilizamos y c\u00f3mo puedes gestionarlas. \u00bfQu\u00e9 son las cookies? Las cookies son peque\u00f1os archivos de texto que se almacenan en tu dispositivo [&hellip;]<\/p>\n","protected":false},"author":1,"featured_media":0,"parent":0,"menu_order":0,"comment_status":"closed","ping_status":"closed","template":"","meta":{"_acf_changed":false,"footnotes":""},"class_list":["post-29","page","type-page","status-publish","hentry"],"acf":[],"_links":{"self":[{"href":"https:\/\/lacartuja24.com\/es\/wp-json\/wp\/v2\/pages\/29","targetHints":{"allow":["GET"]}}],"collection":[{"href":"https:\/\/lacartuja24.com\/es\/wp-json\/wp\/v2\/pages"}],"about":[{"href":"https:\/\/lacartuja24.com\/es\/wp-json\/wp\/v2\/types\/page"}],"author":[{"embeddable":true,"href":"https:\/\/lacartuja24.com\/es\/wp-json\/wp\/v2\/users\/1"}],"replies":[{"embeddable":true,"href":"https:\/\/lacartuja24.com\/es\/wp-json\/wp\/v2\/comments?post=29"}],"version-history":[{"count":3,"href":"https:\/\/lacartuja24.com\/es\/wp-json\/wp\/v2\/pages\/29\/revisions"}],"predecessor-version":[{"id":35,"href":"https:\/\/lacartuja24.com\/es\/wp-json\/wp\/v2\/pages\/29\/revisions\/35"}],"wp:attachment":[{"href":"https:\/\/lacartuja24.com\/es\/wp-json\/wp\/v2\/media?parent=29"}],"curies":[{"name":"wp","href":"https:\/\/api.w.org\/{rel}","templated":true}]}}