{"id":3,"date":"2025-02-25T12:08:31","date_gmt":"2025-02-25T12:08:31","guid":{"rendered":"http:\/\/lacartuja24.com\/?page_id=3"},"modified":"2025-02-25T22:36:27","modified_gmt":"2025-02-25T21:36:27","slug":"politica-privacidad","status":"publish","type":"page","link":"https:\/\/lacartuja24.com\/es\/politica-privacidad\/","title":{"rendered":"Pol\u00edtica de Privacidad"},"content":{"rendered":"\n<p>Nos complace enormemente su inter\u00e9s en nosotros y en nuestros servicios.<\/p>\n\n\n\n<p>Esta pol\u00edtica de datos personales describe c\u00f3mo FERGON (\u201cnosotros\u201d, \u201cnuestro\u201d, \u201cnos\u201d) procesa su informaci\u00f3n personal.<\/p>\n\n\n\n<p>Al aceptar esta pol\u00edtica de datos personales, usted consiente que sus datos personales sean tratados de conformidad con la misma.<\/p>\n\n\n\n<h2 class=\"wp-block-heading\">1. Informaci\u00f3n de contacto<\/h2>\n\n\n\n<p>1.1 Somos responsables del tratamiento de datos de conformidad con la Ley Espa\u00f1ola de Protecci\u00f3n de Datos y la legislaci\u00f3n de protecci\u00f3n de datos personales vigente en cada momento, incluyendo el Reglamento General de Protecci\u00f3n de Datos (UE) 2016\/679 del Parlamento Europeo y del Consejo de 27 de abril de 2016.<\/p>\n\n\n\n<p>1.2 Si tiene alguna pregunta puede contactarnos en: <a href=\"mailto:hola@fergoneventos.com\">hola@fergoneventos.com<\/a><\/p>\n\n\n\n<h2 class=\"wp-block-heading\">2. Recogida de datos personales<\/h2>\n\n\n\n<p>2.1 Recopilamos y tratamos ciertos datos personales sobre usted con los fines detallados en la Secci\u00f3n 3.<\/p>\n\n\n\n<p>2.2 Recopilamos los datos personales que usted nos proporciona, como su informaci\u00f3n de contacto y datos sobre sus compras.<\/p>\n\n\n\n<p>2.3 Tambi\u00e9n recopilamos los datos personales de nuestros clientes proporcionados por terceros especificados.<\/p>\n\n\n\n<p>2.4 Adem\u00e1s, recopilamos autom\u00e1ticamente ciertos datos personales relacionados con su uso de nuestro sitio web mediante cookies, incluyendo direcciones IP, tipo de navegador y las p\u00e1ginas que ha visitado. Puede leer m\u00e1s sobre el uso de cookies aqu\u00ed.<\/p>\n\n\n\n<h2 class=\"wp-block-heading\">3. Uso de datos personales<\/h2>\n\n\n\n<p>Usamos sus datos personales \u00fanicamente para los siguientes fines:<\/p>\n\n\n\n<ul class=\"wp-block-list\">\n<li>Cumplir con nuestro acuerdo con usted, incluyendo la entrega de productos y servicios.<\/li>\n\n\n\n<li>Comunicarnos con usted acerca de ofertas especiales y material publicitario.<\/li>\n\n\n\n<li>Compilar estad\u00edsticas y an\u00e1lisis para mejorar su experiencia como cliente.<\/li>\n\n\n\n<li>Cumplir con nuestras obligaciones legales.<\/li>\n\n\n\n<li>Responder a sus consultas.<\/li>\n\n\n\n<li>Establecer, ejercer o defender un reclamo legal.\u00a0<\/li>\n<\/ul>\n\n\n\n<h2 class=\"wp-block-heading\">4. Base legal para el tratamiento de sus datos personales<\/h2>\n\n\n\n<p>4.1 Trataremos sus datos personales conforme a esta pol\u00edtica de datos personales porque es necesario:<\/p>\n\n\n\n<ul class=\"wp-block-list\">\n<li>Para celebrar o cumplir un contrato celebrado con usted, incluyendo contratos para entregar los productos o servicios solicitados, as\u00ed como para procesar sus pagos y consultas (art\u00edculo 6(1), apartado b) del Reglamento General de Protecci\u00f3n de Datos).<\/li>\n\n\n\n<li>Para cumplir con nuestras obligaciones de acuerdo con, por ejemplo, el Cap\u00edtulo 5 de la Ley de Contabilidad Danesa (art\u00edculo 6(1), apartado c) del Reglamento General de Protecci\u00f3n de Datos).<\/li>\n\n\n\n<li>Para perseguir nuestro inter\u00e9s leg\u00edtimo en (i) responder a sus consultas, y (ii) compilar estad\u00edsticas y an\u00e1lisis que nos permitan mejorar su experiencia como cliente y nuestro sitio web (art\u00edculo 6(1), apartado f) del Reglamento General de Protecci\u00f3n de Datos).<\/li>\n\n\n\n<li>Para establecer, ejercer o defender un reclamo legal (art\u00edculo 9(2), apartado f) de la Ley Danesa de Protecci\u00f3n de Datos).<\/li>\n<\/ul>\n\n\n\n<p>Tambi\u00e9n trataremos sus datos personales si nos ha dado su consentimiento para ello, por ejemplo, para comunicarnos con usted acerca de ofertas especiales, material publicitario y otras noticias sobre nuestros productos (art\u00edculo 6(1), apartado a) del Reglamento General de Protecci\u00f3n de Datos).<\/p>\n\n\n\n<p>Puede retirar su consentimiento en cualquier momento contact\u00e1ndonos a trav\u00e9s de la informaci\u00f3n de contacto proporcionada en el punto 1.2.<\/p>\n","protected":false},"excerpt":{"rendered":"<p>Nos complace enormemente su inter\u00e9s en nosotros y en nuestros servicios. Esta pol\u00edtica de datos personales describe c\u00f3mo FERGON (\u201cnosotros\u201d, \u201cnuestro\u201d, \u201cnos\u201d) procesa su informaci\u00f3n personal. Al aceptar esta pol\u00edtica de datos personales, usted consiente que sus datos personales sean tratados de conformidad con la misma. 1. Informaci\u00f3n de contacto 1.1 Somos responsables del tratamiento [&hellip;]<\/p>\n","protected":false},"author":1,"featured_media":0,"parent":0,"menu_order":0,"comment_status":"closed","ping_status":"closed","template":"","meta":{"_acf_changed":false,"footnotes":""},"class_list":["post-3","page","type-page","status-publish","hentry"],"acf":[],"_links":{"self":[{"href":"https:\/\/lacartuja24.com\/es\/wp-json\/wp\/v2\/pages\/3","targetHints":{"allow":["GET"]}}],"collection":[{"href":"https:\/\/lacartuja24.com\/es\/wp-json\/wp\/v2\/pages"}],"about":[{"href":"https:\/\/lacartuja24.com\/es\/wp-json\/wp\/v2\/types\/page"}],"author":[{"embeddable":true,"href":"https:\/\/lacartuja24.com\/es\/wp-json\/wp\/v2\/users\/1"}],"replies":[{"embeddable":true,"href":"https:\/\/lacartuja24.com\/es\/wp-json\/wp\/v2\/comments?post=3"}],"version-history":[{"count":1,"href":"https:\/\/lacartuja24.com\/es\/wp-json\/wp\/v2\/pages\/3\/revisions"}],"predecessor-version":[{"id":15,"href":"https:\/\/lacartuja24.com\/es\/wp-json\/wp\/v2\/pages\/3\/revisions\/15"}],"wp:attachment":[{"href":"https:\/\/lacartuja24.com\/es\/wp-json\/wp\/v2\/media?parent=3"}],"curies":[{"name":"wp","href":"https:\/\/api.w.org\/{rel}","templated":true}]}}